{"id":1926,"date":"2025-02-11T23:33:05","date_gmt":"2025-02-11T23:33:05","guid":{"rendered":"https:\/\/neovabrew.com\/?page_id=1926"},"modified":"2025-03-20T19:49:45","modified_gmt":"2025-03-20T19:49:45","slug":"panier","status":"publish","type":"page","link":"https:\/\/neovabrew.com\/en\/panier\/","title":{"rendered":"Panier"},"content":{"rendered":"<div data-elementor-type=\"wp-page\" data-elementor-id=\"1926\" class=\"elementor elementor-1926\" data-elementor-post-type=\"page\">\n\t\t\t\t<div class=\"elementor-element elementor-element-5969ba8 e-con-full e-flex e-con e-parent\" data-id=\"5969ba8\" data-element_type=\"container\">\n\t\t\t\t<div class=\"elementor-element elementor-element-683f2c6 elementor-widget__width-initial e-cart-empty-template-active e-cart-layout-two-column elementor-widget elementor-widget-woocommerce-cart\" data-id=\"683f2c6\" data-element_type=\"widget\" data-settings=\"{&quot;update_cart_automatically&quot;:&quot;yes&quot;,&quot;additional_template_select&quot;:&quot;2382&quot;}\" data-widget_type=\"woocommerce-cart.default\">\n\t\t\t\t<div class=\"elementor-widget-container\">\n\t\t\t\t\t\t\t<div data-elementor-type=\"section\" data-elementor-id=\"2382\" class=\"elementor elementor-2382\" data-elementor-post-type=\"elementor_library\">\n\t\t\t<div class=\"elementor-element elementor-element-df88a59 e-flex e-con-boxed e-con e-parent\" data-id=\"df88a59\" data-element_type=\"container\">\n\t\t\t\t\t<div class=\"e-con-inner\">\n\t\t\t\t<div class=\"elementor-element elementor-element-e01558d elementor-widget elementor-widget-heading\" data-id=\"e01558d\" data-element_type=\"widget\" data-widget_type=\"heading.default\">\n\t\t\t\t<div class=\"elementor-widget-container\">\n\t\t\t\t\t<h2 class=\"elementor-heading-title elementor-size-default\">Votre panier est actuellement vide.<\/h2>\t\t\t\t<\/div>\n\t\t\t\t<\/div>\n\t\t\t\t<div class=\"elementor-element elementor-element-6a9c0a2 elementor-widget elementor-widget-button\" data-id=\"6a9c0a2\" data-element_type=\"widget\" data-widget_type=\"button.default\">\n\t\t\t\t<div class=\"elementor-widget-container\">\n\t\t\t\t\t\t\t\t\t<div class=\"elementor-button-wrapper\">\n\t\t\t\t\t<a class=\"elementor-button elementor-size-sm\" role=\"button\">\n\t\t\t\t\t\t<span class=\"elementor-button-content-wrapper\">\n\t\t\t\t\t\t\t\t\t<span class=\"elementor-button-text\">Retournez a la boutique<\/span>\n\t\t\t\t\t<\/span>\n\t\t\t\t\t<\/a>\n\t\t\t\t<\/div>\n\t\t\t\t\t\t\t\t<\/div>\n\t\t\t\t<\/div>\n\t\t\t\t\t<\/div>\n\t\t\t\t<\/div>\n\t\t\t\t<\/div>\n\t\t\t\t\t\t<\/div>\n\t\t\t\t<\/div>\n\t\t\t\t<\/div>\n\t\t\t\t<\/div>","protected":false},"excerpt":{"rendered":"<p>Supprimer l\u2019\u00e9l\u00e9ment Miniature Produit Prix Quantit\u00e9 Sous-total &times; Neo cup &euro;45.99 quantit\u00e9 de Neo cup &euro;137.97 Appliquer le code promo Totaux du panier Sous-total &euro;137.97 Total &euro;137.97 Passer \u00e0 la commande<\/p>","protected":false},"author":1,"featured_media":0,"parent":0,"menu_order":0,"comment_status":"closed","ping_status":"closed","template":"","meta":{"_acf_changed":false,"footnotes":""},"class_list":["post-1926","page","type-page","status-publish","hentry"],"acf":[],"yoast_head":"<!-- This site is optimized with the Yoast SEO plugin v24.2 - https:\/\/yoast.com\/wordpress\/plugins\/seo\/ -->\n<title>Panier - NEOVA BREW<\/title>\n<meta name=\"robots\" content=\"noindex, follow, max-snippet:-1, max-image-preview:large, max-video-preview:-1\" \/>\n<meta property=\"og:locale\" content=\"en_US\" \/>\n<meta property=\"og:type\" content=\"article\" \/>\n<meta property=\"og:title\" content=\"Panier - NEOVA BREW\" \/>\n<meta property=\"og:description\" content=\"Supprimer l\u2019\u00e9l\u00e9ment Miniature Produit Prix Quantit\u00e9 Sous-total &times; Neo cup &euro;45.99 quantit\u00e9 de Neo cup &euro;137.97 Appliquer le code promo Totaux du panier Sous-total &euro;137.97 Total &euro;137.97 Passer \u00e0 la commande\" \/>\n<meta property=\"og:url\" content=\"https:\/\/neovabrew.com\/en\/panier\/\" \/>\n<meta property=\"og:site_name\" content=\"NEOVA BREW\" \/>\n<meta property=\"article:modified_time\" content=\"2025-03-20T19:49:45+00:00\" \/>\n<meta property=\"og:image\" content=\"http:\/\/neovabrew.com\/wp-content\/uploads\/2025\/01\/Capture-decran-2025-02-09-a-14.53.56-300x300.png\" \/>\n<meta name=\"twitter:card\" content=\"summary_large_image\" \/>\n<script type=\"application\/ld+json\" class=\"yoast-schema-graph\">{\"@context\":\"https:\/\/schema.org\",\"@graph\":[{\"@type\":\"WebPage\",\"@id\":\"https:\/\/neovabrew.com\/panier\/\",\"url\":\"https:\/\/neovabrew.com\/panier\/\",\"name\":\"Panier - NEOVA BREW\",\"isPartOf\":{\"@id\":\"https:\/\/neovabrew.com\/#website\"},\"primaryImageOfPage\":{\"@id\":\"https:\/\/neovabrew.com\/panier\/#primaryimage\"},\"image\":{\"@id\":\"https:\/\/neovabrew.com\/panier\/#primaryimage\"},\"thumbnailUrl\":\"http:\/\/neovabrew.com\/wp-content\/uploads\/2025\/01\/Capture-decran-2025-02-09-a-14.53.56-300x300.png\",\"datePublished\":\"2025-02-11T23:33:05+00:00\",\"dateModified\":\"2025-03-20T19:49:45+00:00\",\"breadcrumb\":{\"@id\":\"https:\/\/neovabrew.com\/panier\/#breadcrumb\"},\"inLanguage\":\"en-US\",\"potentialAction\":[{\"@type\":\"ReadAction\",\"target\":[\"https:\/\/neovabrew.com\/panier\/\"]}]},{\"@type\":\"ImageObject\",\"inLanguage\":\"en-US\",\"@id\":\"https:\/\/neovabrew.com\/panier\/#primaryimage\",\"url\":\"http:\/\/neovabrew.com\/wp-content\/uploads\/2025\/01\/Capture-decran-2025-02-09-a-14.53.56-300x300.png\",\"contentUrl\":\"http:\/\/neovabrew.com\/wp-content\/uploads\/2025\/01\/Capture-decran-2025-02-09-a-14.53.56-300x300.png\"},{\"@type\":\"BreadcrumbList\",\"@id\":\"https:\/\/neovabrew.com\/panier\/#breadcrumb\",\"itemListElement\":[{\"@type\":\"ListItem\",\"position\":1,\"name\":\"Accueil\",\"item\":\"https:\/\/neovabrew.com\/\"},{\"@type\":\"ListItem\",\"position\":2,\"name\":\"Panier\"}]},{\"@type\":\"WebSite\",\"@id\":\"https:\/\/neovabrew.com\/#website\",\"url\":\"https:\/\/neovabrew.com\/\",\"name\":\"NEOVA BREW\",\"description\":\"L&#039;instant caf\u00e9 !\",\"potentialAction\":[{\"@type\":\"SearchAction\",\"target\":{\"@type\":\"EntryPoint\",\"urlTemplate\":\"https:\/\/neovabrew.com\/?s={search_term_string}\"},\"query-input\":{\"@type\":\"PropertyValueSpecification\",\"valueRequired\":true,\"valueName\":\"search_term_string\"}}],\"inLanguage\":\"en-US\"}]}<\/script>\n<!-- \/ Yoast SEO plugin. -->","yoast_head_json":{"title":"Panier - NEOVA BREW","robots":{"index":"noindex","follow":"follow","max-snippet":"max-snippet:-1","max-image-preview":"max-image-preview:large","max-video-preview":"max-video-preview:-1"},"og_locale":"en_US","og_type":"article","og_title":"Panier - NEOVA BREW","og_description":"Supprimer l\u2019\u00e9l\u00e9ment Miniature Produit Prix Quantit\u00e9 Sous-total &times; Neo cup &euro;45.99 quantit\u00e9 de Neo cup &euro;137.97 Appliquer le code promo Totaux du panier Sous-total &euro;137.97 Total &euro;137.97 Passer \u00e0 la commande","og_url":"https:\/\/neovabrew.com\/en\/panier\/","og_site_name":"NEOVA BREW","article_modified_time":"2025-03-20T19:49:45+00:00","og_image":[{"url":"http:\/\/neovabrew.com\/wp-content\/uploads\/2025\/01\/Capture-decran-2025-02-09-a-14.53.56-300x300.png","type":"","width":"","height":""}],"twitter_card":"summary_large_image","schema":{"@context":"https:\/\/schema.org","@graph":[{"@type":"WebPage","@id":"https:\/\/neovabrew.com\/panier\/","url":"https:\/\/neovabrew.com\/panier\/","name":"Panier - NEOVA BREW","isPartOf":{"@id":"https:\/\/neovabrew.com\/#website"},"primaryImageOfPage":{"@id":"https:\/\/neovabrew.com\/panier\/#primaryimage"},"image":{"@id":"https:\/\/neovabrew.com\/panier\/#primaryimage"},"thumbnailUrl":"http:\/\/neovabrew.com\/wp-content\/uploads\/2025\/01\/Capture-decran-2025-02-09-a-14.53.56-300x300.png","datePublished":"2025-02-11T23:33:05+00:00","dateModified":"2025-03-20T19:49:45+00:00","breadcrumb":{"@id":"https:\/\/neovabrew.com\/panier\/#breadcrumb"},"inLanguage":"en-US","potentialAction":[{"@type":"ReadAction","target":["https:\/\/neovabrew.com\/panier\/"]}]},{"@type":"ImageObject","inLanguage":"en-US","@id":"https:\/\/neovabrew.com\/panier\/#primaryimage","url":"http:\/\/neovabrew.com\/wp-content\/uploads\/2025\/01\/Capture-decran-2025-02-09-a-14.53.56-300x300.png","contentUrl":"http:\/\/neovabrew.com\/wp-content\/uploads\/2025\/01\/Capture-decran-2025-02-09-a-14.53.56-300x300.png"},{"@type":"BreadcrumbList","@id":"https:\/\/neovabrew.com\/panier\/#breadcrumb","itemListElement":[{"@type":"ListItem","position":1,"name":"Accueil","item":"https:\/\/neovabrew.com\/"},{"@type":"ListItem","position":2,"name":"Panier"}]},{"@type":"WebSite","@id":"https:\/\/neovabrew.com\/#website","url":"https:\/\/neovabrew.com\/","name":"NEOVA BREW","description":"L&#039;instant caf\u00e9 !","potentialAction":[{"@type":"SearchAction","target":{"@type":"EntryPoint","urlTemplate":"https:\/\/neovabrew.com\/?s={search_term_string}"},"query-input":{"@type":"PropertyValueSpecification","valueRequired":true,"valueName":"search_term_string"}}],"inLanguage":"en-US"}]}},"_links":{"self":[{"href":"https:\/\/neovabrew.com\/en\/wp-json\/wp\/v2\/pages\/1926","targetHints":{"allow":["GET"]}}],"collection":[{"href":"https:\/\/neovabrew.com\/en\/wp-json\/wp\/v2\/pages"}],"about":[{"href":"https:\/\/neovabrew.com\/en\/wp-json\/wp\/v2\/types\/page"}],"author":[{"embeddable":true,"href":"https:\/\/neovabrew.com\/en\/wp-json\/wp\/v2\/users\/1"}],"replies":[{"embeddable":true,"href":"https:\/\/neovabrew.com\/en\/wp-json\/wp\/v2\/comments?post=1926"}],"version-history":[{"count":57,"href":"https:\/\/neovabrew.com\/en\/wp-json\/wp\/v2\/pages\/1926\/revisions"}],"predecessor-version":[{"id":3789,"href":"https:\/\/neovabrew.com\/en\/wp-json\/wp\/v2\/pages\/1926\/revisions\/3789"}],"wp:attachment":[{"href":"https:\/\/neovabrew.com\/en\/wp-json\/wp\/v2\/media?parent=1926"}],"curies":[{"name":"wp","href":"https:\/\/api.w.org\/{rel}","templated":true}]}}