{"id":4630,"date":"2025-04-03T15:15:04","date_gmt":"2025-04-03T15:15:04","guid":{"rendered":"https:\/\/neovabrew.com\/?page_id=4630"},"modified":"2025-04-06T20:04:46","modified_gmt":"2025-04-06T20:04:46","slug":"politique-de-remboursement","status":"publish","type":"page","link":"https:\/\/neovabrew.com\/en\/politique-de-remboursement\/","title":{"rendered":"politique de remboursement"},"content":{"rendered":"<div data-elementor-type=\"wp-page\" data-elementor-id=\"4630\" class=\"elementor elementor-4630\" data-elementor-post-type=\"page\">\n\t\t\t\t<div class=\"elementor-element elementor-element-57e2312 e-flex e-con-boxed e-con e-parent\" data-id=\"57e2312\" data-element_type=\"container\" data-settings=\"{&quot;background_background&quot;:&quot;classic&quot;}\">\n\t\t\t\t\t<div class=\"e-con-inner\">\n\t\t\t\t<div class=\"elementor-element elementor-element-8c71412 elementor-widget elementor-widget-heading\" data-id=\"8c71412\" data-element_type=\"widget\" data-widget_type=\"heading.default\">\n\t\t\t\t<div class=\"elementor-widget-container\">\n\t\t\t\t\t<h2 class=\"elementor-heading-title elementor-size-default\">politique de remboursement<\/h2>\t\t\t\t<\/div>\n\t\t\t\t<\/div>\n\t\t\t\t<div class=\"elementor-element elementor-element-36c333a elementor-widget elementor-widget-text-editor\" data-id=\"36c333a\" data-element_type=\"widget\" data-widget_type=\"text-editor.default\">\n\t\t\t\t<div class=\"elementor-widget-container\">\n\t\t\t\t\t\t\t\t\t<h2><strong>1. D\u00e9lai de r\u00e9tractation<\/strong><\/h2><p>Vous avez <strong>14 jours<\/strong> \u00e0 compter de la r\u00e9ception pour retourner un produit et demander un remboursement.<\/p><h2><strong>2. Conditions de retour<\/strong><\/h2><ul><li>Le produit doit \u00eatre <strong>neuf, non utilis\u00e9 et dans son emballage d\u2019origine<\/strong>.<\/li><li>La preuve d\u2019achat est requise.<\/li><\/ul><h2><strong>3. Proc\u00e9dure de remboursement<\/strong><\/h2><ul><li>Contactez-nous \u00e0 <a href=\"mailto:hello@neovabrew.com\">hello@neovabrew.com<\/a> pour initier un retour.<\/li><li>Une fois le produit re\u00e7u et inspect\u00e9, nous proc\u00e9derons au remboursement sous <strong>7 \u00e0 14 jours<\/strong>.<\/li><li>Les frais de retour sont \u00e0 votre charge, sauf en cas de produit d\u00e9fectueux.<\/li><\/ul><h2><strong>4. Exceptions<\/strong><\/h2><p>Certains produits personnalis\u00e9s ou en promotion peuvent ne pas \u00eatre remboursables.<\/p><hr \/><p>Pour toute question, vous pouvez nous contacter \u00e0 <a href=\"mailto:hello@neovabrew.com\">hello@neovabrew.com<\/a> ou via notre site <a href=\"mailto:hello@neovabrew.com\">neovabrew.com<\/a> .<\/p><p><!-- notionvc: 3034cccf-7dde-4444-9ce9-4bc6a8cc32d6 --><\/p>\t\t\t\t\t\t\t\t<\/div>\n\t\t\t\t<\/div>\n\t\t\t\t\t<\/div>\n\t\t\t\t<\/div>\n\t\t\t\t<\/div>","protected":false},"excerpt":{"rendered":"<p>politique de remboursement 1. D\u00e9lai de r\u00e9tractation Vous avez 14 jours \u00e0 compter de la r\u00e9ception pour retourner un produit et demander un remboursement. 2. Conditions de retour Le produit doit \u00eatre neuf, non utilis\u00e9 et dans son emballage d\u2019origine. La preuve d\u2019achat est requise. 3. Proc\u00e9dure de remboursement Contactez-nous \u00e0 hello@neovabrew.com pour initier un [&hellip;]<\/p>","protected":false},"author":1,"featured_media":0,"parent":0,"menu_order":0,"comment_status":"closed","ping_status":"closed","template":"","meta":{"_acf_changed":false,"footnotes":""},"class_list":["post-4630","page","type-page","status-publish","hentry"],"acf":[],"yoast_head":"<!-- This site is optimized with the Yoast SEO plugin v24.2 - https:\/\/yoast.com\/wordpress\/plugins\/seo\/ -->\n<title>politique de remboursement - NEOVA BREW<\/title>\n<meta name=\"robots\" content=\"noindex, follow, max-snippet:-1, max-image-preview:large, max-video-preview:-1\" \/>\n<meta property=\"og:locale\" content=\"en_US\" \/>\n<meta property=\"og:type\" content=\"article\" \/>\n<meta property=\"og:title\" content=\"politique de remboursement - NEOVA BREW\" \/>\n<meta property=\"og:description\" content=\"politique de remboursement 1. D\u00e9lai de r\u00e9tractation Vous avez 14 jours \u00e0 compter de la r\u00e9ception pour retourner un produit et demander un remboursement. 2. Conditions de retour Le produit doit \u00eatre neuf, non utilis\u00e9 et dans son emballage d\u2019origine. La preuve d\u2019achat est requise. 3. Proc\u00e9dure de remboursement Contactez-nous \u00e0 hello@neovabrew.com pour initier un [&hellip;]\" \/>\n<meta property=\"og:url\" content=\"https:\/\/neovabrew.com\/en\/politique-de-remboursement\/\" \/>\n<meta property=\"og:site_name\" content=\"NEOVA BREW\" \/>\n<meta property=\"article:modified_time\" content=\"2025-04-06T20:04:46+00:00\" \/>\n<meta name=\"twitter:card\" content=\"summary_large_image\" \/>\n<meta name=\"twitter:label1\" content=\"Est. reading time\" \/>\n\t<meta name=\"twitter:data1\" content=\"1 minute\" \/>\n<script type=\"application\/ld+json\" class=\"yoast-schema-graph\">{\"@context\":\"https:\/\/schema.org\",\"@graph\":[{\"@type\":\"WebPage\",\"@id\":\"https:\/\/neovabrew.com\/politique-de-remboursement\/\",\"url\":\"https:\/\/neovabrew.com\/politique-de-remboursement\/\",\"name\":\"politique de remboursement - NEOVA BREW\",\"isPartOf\":{\"@id\":\"https:\/\/neovabrew.com\/#website\"},\"datePublished\":\"2025-04-03T15:15:04+00:00\",\"dateModified\":\"2025-04-06T20:04:46+00:00\",\"breadcrumb\":{\"@id\":\"https:\/\/neovabrew.com\/politique-de-remboursement\/#breadcrumb\"},\"inLanguage\":\"en-US\",\"potentialAction\":[{\"@type\":\"ReadAction\",\"target\":[\"https:\/\/neovabrew.com\/politique-de-remboursement\/\"]}]},{\"@type\":\"BreadcrumbList\",\"@id\":\"https:\/\/neovabrew.com\/politique-de-remboursement\/#breadcrumb\",\"itemListElement\":[{\"@type\":\"ListItem\",\"position\":1,\"name\":\"Accueil\",\"item\":\"https:\/\/neovabrew.com\/\"},{\"@type\":\"ListItem\",\"position\":2,\"name\":\"politique de remboursement\"}]},{\"@type\":\"WebSite\",\"@id\":\"https:\/\/neovabrew.com\/#website\",\"url\":\"https:\/\/neovabrew.com\/\",\"name\":\"NEOVA BREW\",\"description\":\"L&#039;instant caf\u00e9 !\",\"potentialAction\":[{\"@type\":\"SearchAction\",\"target\":{\"@type\":\"EntryPoint\",\"urlTemplate\":\"https:\/\/neovabrew.com\/?s={search_term_string}\"},\"query-input\":{\"@type\":\"PropertyValueSpecification\",\"valueRequired\":true,\"valueName\":\"search_term_string\"}}],\"inLanguage\":\"en-US\"}]}<\/script>\n<!-- \/ Yoast SEO plugin. -->","yoast_head_json":{"title":"politique de remboursement - NEOVA BREW","robots":{"index":"noindex","follow":"follow","max-snippet":"max-snippet:-1","max-image-preview":"max-image-preview:large","max-video-preview":"max-video-preview:-1"},"og_locale":"en_US","og_type":"article","og_title":"politique de remboursement - NEOVA BREW","og_description":"politique de remboursement 1. D\u00e9lai de r\u00e9tractation Vous avez 14 jours \u00e0 compter de la r\u00e9ception pour retourner un produit et demander un remboursement. 2. Conditions de retour Le produit doit \u00eatre neuf, non utilis\u00e9 et dans son emballage d\u2019origine. La preuve d\u2019achat est requise. 3. Proc\u00e9dure de remboursement Contactez-nous \u00e0 hello@neovabrew.com pour initier un [&hellip;]","og_url":"https:\/\/neovabrew.com\/en\/politique-de-remboursement\/","og_site_name":"NEOVA BREW","article_modified_time":"2025-04-06T20:04:46+00:00","twitter_card":"summary_large_image","twitter_misc":{"Est. reading time":"1 minute"},"schema":{"@context":"https:\/\/schema.org","@graph":[{"@type":"WebPage","@id":"https:\/\/neovabrew.com\/politique-de-remboursement\/","url":"https:\/\/neovabrew.com\/politique-de-remboursement\/","name":"politique de remboursement - NEOVA BREW","isPartOf":{"@id":"https:\/\/neovabrew.com\/#website"},"datePublished":"2025-04-03T15:15:04+00:00","dateModified":"2025-04-06T20:04:46+00:00","breadcrumb":{"@id":"https:\/\/neovabrew.com\/politique-de-remboursement\/#breadcrumb"},"inLanguage":"en-US","potentialAction":[{"@type":"ReadAction","target":["https:\/\/neovabrew.com\/politique-de-remboursement\/"]}]},{"@type":"BreadcrumbList","@id":"https:\/\/neovabrew.com\/politique-de-remboursement\/#breadcrumb","itemListElement":[{"@type":"ListItem","position":1,"name":"Accueil","item":"https:\/\/neovabrew.com\/"},{"@type":"ListItem","position":2,"name":"politique de remboursement"}]},{"@type":"WebSite","@id":"https:\/\/neovabrew.com\/#website","url":"https:\/\/neovabrew.com\/","name":"NEOVA BREW","description":"L&#039;instant caf\u00e9 !","potentialAction":[{"@type":"SearchAction","target":{"@type":"EntryPoint","urlTemplate":"https:\/\/neovabrew.com\/?s={search_term_string}"},"query-input":{"@type":"PropertyValueSpecification","valueRequired":true,"valueName":"search_term_string"}}],"inLanguage":"en-US"}]}},"_links":{"self":[{"href":"https:\/\/neovabrew.com\/en\/wp-json\/wp\/v2\/pages\/4630","targetHints":{"allow":["GET"]}}],"collection":[{"href":"https:\/\/neovabrew.com\/en\/wp-json\/wp\/v2\/pages"}],"about":[{"href":"https:\/\/neovabrew.com\/en\/wp-json\/wp\/v2\/types\/page"}],"author":[{"embeddable":true,"href":"https:\/\/neovabrew.com\/en\/wp-json\/wp\/v2\/users\/1"}],"replies":[{"embeddable":true,"href":"https:\/\/neovabrew.com\/en\/wp-json\/wp\/v2\/comments?post=4630"}],"version-history":[{"count":16,"href":"https:\/\/neovabrew.com\/en\/wp-json\/wp\/v2\/pages\/4630\/revisions"}],"predecessor-version":[{"id":4902,"href":"https:\/\/neovabrew.com\/en\/wp-json\/wp\/v2\/pages\/4630\/revisions\/4902"}],"wp:attachment":[{"href":"https:\/\/neovabrew.com\/en\/wp-json\/wp\/v2\/media?parent=4630"}],"curies":[{"name":"wp","href":"https:\/\/api.w.org\/{rel}","templated":true}]}}