{"id":4632,"date":"2025-04-03T15:17:38","date_gmt":"2025-04-03T15:17:38","guid":{"rendered":"https:\/\/neovabrew.com\/?page_id=4632"},"modified":"2025-04-06T20:08:17","modified_gmt":"2025-04-06T20:08:17","slug":"politique-de-confidentialite","status":"publish","type":"page","link":"https:\/\/neovabrew.com\/en\/politique-de-confidentialite\/","title":{"rendered":"politique de confidentialit\u00e9"},"content":{"rendered":"<div data-elementor-type=\"wp-page\" data-elementor-id=\"4632\" class=\"elementor elementor-4632\" data-elementor-post-type=\"page\">\n\t\t\t\t<div class=\"elementor-element elementor-element-9a20ab0 e-flex e-con-boxed e-con e-parent\" data-id=\"9a20ab0\" data-element_type=\"container\" data-settings=\"{&quot;background_background&quot;:&quot;classic&quot;}\">\n\t\t\t\t\t<div class=\"e-con-inner\">\n\t\t\t\t<div class=\"elementor-element elementor-element-b9f7ba4 elementor-widget elementor-widget-heading\" data-id=\"b9f7ba4\" data-element_type=\"widget\" data-widget_type=\"heading.default\">\n\t\t\t\t<div class=\"elementor-widget-container\">\n\t\t\t\t\t<h2 class=\"elementor-heading-title elementor-size-default\">politique de confidentialit\u00e9<\/h2>\t\t\t\t<\/div>\n\t\t\t\t<\/div>\n\t\t\t\t\t<\/div>\n\t\t\t\t<\/div>\n\t\t<div class=\"elementor-element elementor-element-9f53607 e-flex e-con-boxed e-con e-parent\" data-id=\"9f53607\" data-element_type=\"container\" data-settings=\"{&quot;background_background&quot;:&quot;classic&quot;}\">\n\t\t\t\t\t<div class=\"e-con-inner\">\n\t\t\t\t<div class=\"elementor-element elementor-element-ecb64cd elementor-widget elementor-widget-text-editor\" data-id=\"ecb64cd\" data-element_type=\"widget\" data-widget_type=\"text-editor.default\">\n\t\t\t\t<div class=\"elementor-widget-container\">\n\t\t\t\t\t\t\t\t\t<h1>\u00a0<strong>1. Donn\u00e9es collect\u00e9es<\/strong><\/h1><p>Nous collectons uniquement les donn\u00e9es n\u00e9cessaires au bon fonctionnement de nos services (nom, email, adresse, etc.).<\/p><h2><strong>2. Utilisation des donn\u00e9es<\/strong><\/h2><p>Vos donn\u00e9es sont utilis\u00e9es uniquement pour le traitement des commandes et l\u2019am\u00e9lioration de nos services.<\/p><h2><strong>3. Droits des utilisateurs<\/strong><\/h2><p>Vous avez un droit d\u2019acc\u00e8s, de rectification et de suppression de vos donn\u00e9es en nous contactant \u00e0 [Email].<\/p><h2><strong>4. S\u00e9curit\u00e9 des donn\u00e9es<\/strong><\/h2><p>Nous mettons en \u0153uvre des mesures de s\u00e9curit\u00e9 pour prot\u00e9ger vos informations personnelles.<\/p><p><!-- notionvc: 80a36a17-b981-424b-984e-1ed35adcb412 --><\/p>\t\t\t\t\t\t\t\t<\/div>\n\t\t\t\t<\/div>\n\t\t\t\t\t<\/div>\n\t\t\t\t<\/div>\n\t\t\t\t<\/div>","protected":false},"excerpt":{"rendered":"<p>politique de confidentialit\u00e9 \u00a01. Donn\u00e9es collect\u00e9es Nous collectons uniquement les donn\u00e9es n\u00e9cessaires au bon fonctionnement de nos services (nom, email, adresse, etc.). 2. Utilisation des donn\u00e9es Vos donn\u00e9es sont utilis\u00e9es uniquement pour le traitement des commandes et l\u2019am\u00e9lioration de nos services. 3. Droits des utilisateurs Vous avez un droit d\u2019acc\u00e8s, de rectification et de suppression [&hellip;]<\/p>","protected":false},"author":1,"featured_media":0,"parent":0,"menu_order":0,"comment_status":"closed","ping_status":"closed","template":"","meta":{"_acf_changed":false,"footnotes":""},"class_list":["post-4632","page","type-page","status-publish","hentry"],"acf":[],"yoast_head":"<!-- This site is optimized with the Yoast SEO plugin v24.2 - https:\/\/yoast.com\/wordpress\/plugins\/seo\/ -->\n<title>politique de confidentialit\u00e9 - NEOVA BREW<\/title>\n<meta name=\"robots\" content=\"noindex, follow, max-snippet:-1, max-image-preview:large, max-video-preview:-1\" \/>\n<meta property=\"og:locale\" content=\"en_US\" \/>\n<meta property=\"og:type\" content=\"article\" \/>\n<meta property=\"og:title\" content=\"politique de confidentialit\u00e9 - NEOVA BREW\" \/>\n<meta property=\"og:description\" content=\"politique de confidentialit\u00e9 \u00a01. Donn\u00e9es collect\u00e9es Nous collectons uniquement les donn\u00e9es n\u00e9cessaires au bon fonctionnement de nos services (nom, email, adresse, etc.). 2. Utilisation des donn\u00e9es Vos donn\u00e9es sont utilis\u00e9es uniquement pour le traitement des commandes et l\u2019am\u00e9lioration de nos services. 3. Droits des utilisateurs Vous avez un droit d\u2019acc\u00e8s, de rectification et de suppression [&hellip;]\" \/>\n<meta property=\"og:url\" content=\"https:\/\/neovabrew.com\/en\/politique-de-confidentialite\/\" \/>\n<meta property=\"og:site_name\" content=\"NEOVA BREW\" \/>\n<meta property=\"article:modified_time\" content=\"2025-04-06T20:08:17+00:00\" \/>\n<meta name=\"twitter:card\" content=\"summary_large_image\" \/>\n<meta name=\"twitter:label1\" content=\"Est. reading time\" \/>\n\t<meta name=\"twitter:data1\" content=\"1 minute\" \/>\n<script type=\"application\/ld+json\" class=\"yoast-schema-graph\">{\"@context\":\"https:\/\/schema.org\",\"@graph\":[{\"@type\":\"WebPage\",\"@id\":\"https:\/\/neovabrew.com\/politique-de-confidentialite\/\",\"url\":\"https:\/\/neovabrew.com\/politique-de-confidentialite\/\",\"name\":\"politique de confidentialit\u00e9 - NEOVA BREW\",\"isPartOf\":{\"@id\":\"https:\/\/neovabrew.com\/#website\"},\"datePublished\":\"2025-04-03T15:17:38+00:00\",\"dateModified\":\"2025-04-06T20:08:17+00:00\",\"breadcrumb\":{\"@id\":\"https:\/\/neovabrew.com\/politique-de-confidentialite\/#breadcrumb\"},\"inLanguage\":\"en-US\",\"potentialAction\":[{\"@type\":\"ReadAction\",\"target\":[\"https:\/\/neovabrew.com\/politique-de-confidentialite\/\"]}]},{\"@type\":\"BreadcrumbList\",\"@id\":\"https:\/\/neovabrew.com\/politique-de-confidentialite\/#breadcrumb\",\"itemListElement\":[{\"@type\":\"ListItem\",\"position\":1,\"name\":\"Accueil\",\"item\":\"https:\/\/neovabrew.com\/\"},{\"@type\":\"ListItem\",\"position\":2,\"name\":\"politique de confidentialit\u00e9\"}]},{\"@type\":\"WebSite\",\"@id\":\"https:\/\/neovabrew.com\/#website\",\"url\":\"https:\/\/neovabrew.com\/\",\"name\":\"NEOVA BREW\",\"description\":\"L&#039;instant caf\u00e9 !\",\"potentialAction\":[{\"@type\":\"SearchAction\",\"target\":{\"@type\":\"EntryPoint\",\"urlTemplate\":\"https:\/\/neovabrew.com\/?s={search_term_string}\"},\"query-input\":{\"@type\":\"PropertyValueSpecification\",\"valueRequired\":true,\"valueName\":\"search_term_string\"}}],\"inLanguage\":\"en-US\"}]}<\/script>\n<!-- \/ Yoast SEO plugin. -->","yoast_head_json":{"title":"politique de confidentialit\u00e9 - NEOVA BREW","robots":{"index":"noindex","follow":"follow","max-snippet":"max-snippet:-1","max-image-preview":"max-image-preview:large","max-video-preview":"max-video-preview:-1"},"og_locale":"en_US","og_type":"article","og_title":"politique de confidentialit\u00e9 - NEOVA BREW","og_description":"politique de confidentialit\u00e9 \u00a01. Donn\u00e9es collect\u00e9es Nous collectons uniquement les donn\u00e9es n\u00e9cessaires au bon fonctionnement de nos services (nom, email, adresse, etc.). 2. Utilisation des donn\u00e9es Vos donn\u00e9es sont utilis\u00e9es uniquement pour le traitement des commandes et l\u2019am\u00e9lioration de nos services. 3. Droits des utilisateurs Vous avez un droit d\u2019acc\u00e8s, de rectification et de suppression [&hellip;]","og_url":"https:\/\/neovabrew.com\/en\/politique-de-confidentialite\/","og_site_name":"NEOVA BREW","article_modified_time":"2025-04-06T20:08:17+00:00","twitter_card":"summary_large_image","twitter_misc":{"Est. reading time":"1 minute"},"schema":{"@context":"https:\/\/schema.org","@graph":[{"@type":"WebPage","@id":"https:\/\/neovabrew.com\/politique-de-confidentialite\/","url":"https:\/\/neovabrew.com\/politique-de-confidentialite\/","name":"politique de confidentialit\u00e9 - NEOVA BREW","isPartOf":{"@id":"https:\/\/neovabrew.com\/#website"},"datePublished":"2025-04-03T15:17:38+00:00","dateModified":"2025-04-06T20:08:17+00:00","breadcrumb":{"@id":"https:\/\/neovabrew.com\/politique-de-confidentialite\/#breadcrumb"},"inLanguage":"en-US","potentialAction":[{"@type":"ReadAction","target":["https:\/\/neovabrew.com\/politique-de-confidentialite\/"]}]},{"@type":"BreadcrumbList","@id":"https:\/\/neovabrew.com\/politique-de-confidentialite\/#breadcrumb","itemListElement":[{"@type":"ListItem","position":1,"name":"Accueil","item":"https:\/\/neovabrew.com\/"},{"@type":"ListItem","position":2,"name":"politique de confidentialit\u00e9"}]},{"@type":"WebSite","@id":"https:\/\/neovabrew.com\/#website","url":"https:\/\/neovabrew.com\/","name":"NEOVA BREW","description":"L&#039;instant caf\u00e9 !","potentialAction":[{"@type":"SearchAction","target":{"@type":"EntryPoint","urlTemplate":"https:\/\/neovabrew.com\/?s={search_term_string}"},"query-input":{"@type":"PropertyValueSpecification","valueRequired":true,"valueName":"search_term_string"}}],"inLanguage":"en-US"}]}},"_links":{"self":[{"href":"https:\/\/neovabrew.com\/en\/wp-json\/wp\/v2\/pages\/4632","targetHints":{"allow":["GET"]}}],"collection":[{"href":"https:\/\/neovabrew.com\/en\/wp-json\/wp\/v2\/pages"}],"about":[{"href":"https:\/\/neovabrew.com\/en\/wp-json\/wp\/v2\/types\/page"}],"author":[{"embeddable":true,"href":"https:\/\/neovabrew.com\/en\/wp-json\/wp\/v2\/users\/1"}],"replies":[{"embeddable":true,"href":"https:\/\/neovabrew.com\/en\/wp-json\/wp\/v2\/comments?post=4632"}],"version-history":[{"count":15,"href":"https:\/\/neovabrew.com\/en\/wp-json\/wp\/v2\/pages\/4632\/revisions"}],"predecessor-version":[{"id":4905,"href":"https:\/\/neovabrew.com\/en\/wp-json\/wp\/v2\/pages\/4632\/revisions\/4905"}],"wp:attachment":[{"href":"https:\/\/neovabrew.com\/en\/wp-json\/wp\/v2\/media?parent=4632"}],"curies":[{"name":"wp","href":"https:\/\/api.w.org\/{rel}","templated":true}]}}