{"id":4645,"date":"2025-04-03T15:21:53","date_gmt":"2025-04-03T15:21:53","guid":{"rendered":"https:\/\/neovabrew.com\/?page_id=4645"},"modified":"2025-11-11T14:30:24","modified_gmt":"2025-11-11T14:30:24","slug":"cgu","status":"publish","type":"page","link":"https:\/\/neovabrew.com\/en\/cgu\/","title":{"rendered":"CGU"},"content":{"rendered":"<div data-elementor-type=\"wp-page\" data-elementor-id=\"4645\" class=\"elementor elementor-4645\" data-elementor-post-type=\"page\">\n\t\t\t\t<div class=\"elementor-element elementor-element-ad264a2 e-flex e-con-boxed e-con e-parent\" data-id=\"ad264a2\" data-element_type=\"container\" data-settings=\"{&quot;background_background&quot;:&quot;classic&quot;}\">\n\t\t\t\t\t<div class=\"e-con-inner\">\n\t\t\t\t<div class=\"elementor-element elementor-element-ee5e155 elementor-widget elementor-widget-heading\" data-id=\"ee5e155\" data-element_type=\"widget\" data-widget_type=\"heading.default\">\n\t\t\t\t<div class=\"elementor-widget-container\">\n\t\t\t\t\t<h2 class=\"elementor-heading-title elementor-size-default\">cgu<\/h2>\t\t\t\t<\/div>\n\t\t\t\t<\/div>\n\t\t\t\t\t<\/div>\n\t\t\t\t<\/div>\n\t\t<div class=\"elementor-element elementor-element-c01487f e-flex e-con-boxed e-con e-parent\" data-id=\"c01487f\" data-element_type=\"container\" data-settings=\"{&quot;background_background&quot;:&quot;classic&quot;}\">\n\t\t\t\t\t<div class=\"e-con-inner\">\n\t\t\t\t<div class=\"elementor-element elementor-element-e528fde elementor-widget elementor-widget-text-editor\" data-id=\"e528fde\" data-element_type=\"widget\" data-widget_type=\"text-editor.default\">\n\t\t\t\t<div class=\"elementor-widget-container\">\n\t\t\t\t\t\t\t\t\t<h2><strong>1. Acceptation des CGU<\/strong><\/h2><p>En naviguant sur notre site, l\u2019utilisateur accepte sans r\u00e9serve les pr\u00e9sentes CGU.<\/p><h2><strong>2. Acc\u00e8s au site<\/strong><\/h2><p>Le site est accessible 24h\/24, sauf en cas de maintenance ou de force majeure.<\/p><h2><strong>3. Responsabilit\u00e9<\/strong><\/h2><p>Neova Brew ne peut \u00eatre tenu responsable en cas d\u2019indisponibilit\u00e9 du site, de pertes de donn\u00e9es ou de dysfonctionnements.<\/p><h2><strong>4. Propri\u00e9t\u00e9 intellectuelle<\/strong><\/h2><p>Tout le contenu du site est prot\u00e9g\u00e9 par le droit d\u2019auteur. Toute reproduction est interdite sans autorisation.<\/p><p><!-- notionvc: c209a285-7204-4661-bd47-4d2b9a13e9f8 --><\/p>\t\t\t\t\t\t\t\t<\/div>\n\t\t\t\t<\/div>\n\t\t\t\t\t<\/div>\n\t\t\t\t<\/div>\n\t\t\t\t<\/div>","protected":false},"excerpt":{"rendered":"<p>cgu 1. Acceptation des CGU En naviguant sur notre site, l\u2019utilisateur accepte sans r\u00e9serve les pr\u00e9sentes CGU. 2. Acc\u00e8s au site Le site est accessible 24h\/24, sauf en cas de maintenance ou de force majeure. 3. Responsabilit\u00e9 Neova Brew ne peut \u00eatre tenu responsable en cas d\u2019indisponibilit\u00e9 du site, de pertes de donn\u00e9es ou de [&hellip;]<\/p>","protected":false},"author":1,"featured_media":0,"parent":0,"menu_order":0,"comment_status":"closed","ping_status":"closed","template":"","meta":{"_acf_changed":false,"footnotes":""},"class_list":["post-4645","page","type-page","status-publish","hentry"],"acf":[],"yoast_head":"<!-- This site is optimized with the Yoast SEO plugin v24.2 - https:\/\/yoast.com\/wordpress\/plugins\/seo\/ -->\n<title>CGU - NEOVA BREW<\/title>\n<meta name=\"robots\" content=\"noindex, follow, max-snippet:-1, max-image-preview:large, max-video-preview:-1\" \/>\n<meta property=\"og:locale\" content=\"en_US\" \/>\n<meta property=\"og:type\" content=\"article\" \/>\n<meta property=\"og:title\" content=\"CGU - NEOVA BREW\" \/>\n<meta property=\"og:description\" content=\"cgu 1. Acceptation des CGU En naviguant sur notre site, l\u2019utilisateur accepte sans r\u00e9serve les pr\u00e9sentes CGU. 2. Acc\u00e8s au site Le site est accessible 24h\/24, sauf en cas de maintenance ou de force majeure. 3. Responsabilit\u00e9 Neova Brew ne peut \u00eatre tenu responsable en cas d\u2019indisponibilit\u00e9 du site, de pertes de donn\u00e9es ou de [&hellip;]\" \/>\n<meta property=\"og:url\" content=\"https:\/\/neovabrew.com\/en\/cgu\/\" \/>\n<meta property=\"og:site_name\" content=\"NEOVA BREW\" \/>\n<meta property=\"article:modified_time\" content=\"2025-11-11T14:30:24+00:00\" \/>\n<meta name=\"twitter:card\" content=\"summary_large_image\" \/>\n<meta name=\"twitter:label1\" content=\"Est. reading time\" \/>\n\t<meta name=\"twitter:data1\" content=\"1 minute\" \/>\n<script type=\"application\/ld+json\" class=\"yoast-schema-graph\">{\"@context\":\"https:\/\/schema.org\",\"@graph\":[{\"@type\":\"WebPage\",\"@id\":\"https:\/\/neovabrew.com\/cgu\/\",\"url\":\"https:\/\/neovabrew.com\/cgu\/\",\"name\":\"CGU - NEOVA BREW\",\"isPartOf\":{\"@id\":\"https:\/\/neovabrew.com\/#website\"},\"datePublished\":\"2025-04-03T15:21:53+00:00\",\"dateModified\":\"2025-11-11T14:30:24+00:00\",\"breadcrumb\":{\"@id\":\"https:\/\/neovabrew.com\/cgu\/#breadcrumb\"},\"inLanguage\":\"en-US\",\"potentialAction\":[{\"@type\":\"ReadAction\",\"target\":[\"https:\/\/neovabrew.com\/cgu\/\"]}]},{\"@type\":\"BreadcrumbList\",\"@id\":\"https:\/\/neovabrew.com\/cgu\/#breadcrumb\",\"itemListElement\":[{\"@type\":\"ListItem\",\"position\":1,\"name\":\"Accueil\",\"item\":\"https:\/\/neovabrew.com\/\"},{\"@type\":\"ListItem\",\"position\":2,\"name\":\"CGU\"}]},{\"@type\":\"WebSite\",\"@id\":\"https:\/\/neovabrew.com\/#website\",\"url\":\"https:\/\/neovabrew.com\/\",\"name\":\"NEOVA BREW\",\"description\":\"L&#039;instant caf\u00e9 !\",\"potentialAction\":[{\"@type\":\"SearchAction\",\"target\":{\"@type\":\"EntryPoint\",\"urlTemplate\":\"https:\/\/neovabrew.com\/?s={search_term_string}\"},\"query-input\":{\"@type\":\"PropertyValueSpecification\",\"valueRequired\":true,\"valueName\":\"search_term_string\"}}],\"inLanguage\":\"en-US\"}]}<\/script>\n<!-- \/ Yoast SEO plugin. -->","yoast_head_json":{"title":"CGU - NEOVA BREW","robots":{"index":"noindex","follow":"follow","max-snippet":"max-snippet:-1","max-image-preview":"max-image-preview:large","max-video-preview":"max-video-preview:-1"},"og_locale":"en_US","og_type":"article","og_title":"CGU - NEOVA BREW","og_description":"cgu 1. Acceptation des CGU En naviguant sur notre site, l\u2019utilisateur accepte sans r\u00e9serve les pr\u00e9sentes CGU. 2. Acc\u00e8s au site Le site est accessible 24h\/24, sauf en cas de maintenance ou de force majeure. 3. Responsabilit\u00e9 Neova Brew ne peut \u00eatre tenu responsable en cas d\u2019indisponibilit\u00e9 du site, de pertes de donn\u00e9es ou de [&hellip;]","og_url":"https:\/\/neovabrew.com\/en\/cgu\/","og_site_name":"NEOVA BREW","article_modified_time":"2025-11-11T14:30:24+00:00","twitter_card":"summary_large_image","twitter_misc":{"Est. reading time":"1 minute"},"schema":{"@context":"https:\/\/schema.org","@graph":[{"@type":"WebPage","@id":"https:\/\/neovabrew.com\/cgu\/","url":"https:\/\/neovabrew.com\/cgu\/","name":"CGU - NEOVA BREW","isPartOf":{"@id":"https:\/\/neovabrew.com\/#website"},"datePublished":"2025-04-03T15:21:53+00:00","dateModified":"2025-11-11T14:30:24+00:00","breadcrumb":{"@id":"https:\/\/neovabrew.com\/cgu\/#breadcrumb"},"inLanguage":"en-US","potentialAction":[{"@type":"ReadAction","target":["https:\/\/neovabrew.com\/cgu\/"]}]},{"@type":"BreadcrumbList","@id":"https:\/\/neovabrew.com\/cgu\/#breadcrumb","itemListElement":[{"@type":"ListItem","position":1,"name":"Accueil","item":"https:\/\/neovabrew.com\/"},{"@type":"ListItem","position":2,"name":"CGU"}]},{"@type":"WebSite","@id":"https:\/\/neovabrew.com\/#website","url":"https:\/\/neovabrew.com\/","name":"NEOVA BREW","description":"L&#039;instant caf\u00e9 !","potentialAction":[{"@type":"SearchAction","target":{"@type":"EntryPoint","urlTemplate":"https:\/\/neovabrew.com\/?s={search_term_string}"},"query-input":{"@type":"PropertyValueSpecification","valueRequired":true,"valueName":"search_term_string"}}],"inLanguage":"en-US"}]}},"_links":{"self":[{"href":"https:\/\/neovabrew.com\/en\/wp-json\/wp\/v2\/pages\/4645","targetHints":{"allow":["GET"]}}],"collection":[{"href":"https:\/\/neovabrew.com\/en\/wp-json\/wp\/v2\/pages"}],"about":[{"href":"https:\/\/neovabrew.com\/en\/wp-json\/wp\/v2\/types\/page"}],"author":[{"embeddable":true,"href":"https:\/\/neovabrew.com\/en\/wp-json\/wp\/v2\/users\/1"}],"replies":[{"embeddable":true,"href":"https:\/\/neovabrew.com\/en\/wp-json\/wp\/v2\/comments?post=4645"}],"version-history":[{"count":17,"href":"https:\/\/neovabrew.com\/en\/wp-json\/wp\/v2\/pages\/4645\/revisions"}],"predecessor-version":[{"id":5346,"href":"https:\/\/neovabrew.com\/en\/wp-json\/wp\/v2\/pages\/4645\/revisions\/5346"}],"wp:attachment":[{"href":"https:\/\/neovabrew.com\/en\/wp-json\/wp\/v2\/media?parent=4645"}],"curies":[{"name":"wp","href":"https:\/\/api.w.org\/{rel}","templated":true}]}}