{"id":4710,"date":"2025-04-03T18:32:48","date_gmt":"2025-04-03T18:32:48","guid":{"rendered":"https:\/\/neovabrew.com\/product\/etui-pour-moulin-a-cafe-en-tissu-non-tisse-sac-de-voyage-manuel-mallette-de-rangement-de-transport-etanche-pour-la-maison-et-lexterieur\/"},"modified":"2025-12-17T15:47:26","modified_gmt":"2025-12-17T15:47:26","slug":"neopack","status":"publish","type":"product","link":"https:\/\/neovabrew.com\/en\/product\/neopack\/","title":{"rendered":"NeoPack"},"content":{"rendered":"<div class=\"detailmodule_html\">\n<div class=\"detail-desc-decorate-richtext\">\n<div class=\"detailmodule_html\">\n<div class=\"detail-desc-decorate-richtext\">\n<p><strong>Caract\u00e9ristiques<\/strong><br \/>\n1.Meilleur stockage : ce sac peut stocker votre moulin \u00e0 caf\u00e9 manuel, ce qui peut emp\u00eacher la poign\u00e9e et le moulin de collision, de mani\u00e8re s\u00fbre et fiable.<br \/>\n2.Sac \u00e9tanche : l&rsquo;\u00e9tui de rangement \u00e9tanche pour moulin \u00e0 caf\u00e9 est \u00e9galement \u00e9tanche, prot\u00e9geant vos outils de l&rsquo;eau et assurant un travail normal.<br \/>\n3.A plus d&rsquo;espace : de plus, le sac en filet et la fermeture \u00e9clair ajoutent plus d&rsquo;espace pour le maintien et le rangement soign\u00e9s de votre brosse et d&rsquo;autres outils.<br \/>\n4.Bon mat\u00e9riau : adoptant un mat\u00e9riau EVA non tiss\u00e9 de qualit\u00e9 sup\u00e9rieure, l&rsquo;\u00e9tui du moulin \u00e0 caf\u00e9 manuel ne risque pas de se casser, durable pour une utilisation prolong\u00e9e.<br \/>\n5.Transport facile : livr\u00e9 avec une taille compacte et un poids l\u00e9ger, le sac est tr\u00e8s pratique \u00e0 transporter avec vous pour les voyages, le camping, etc.<\/p>\n<p><strong>Sp\u00e9cification<\/strong><br \/>\nType d&rsquo;article : sac pour moulin \u00e0 caf\u00e9 manuel<br \/>\nMat\u00e9riau : tissu non tiss\u00e9.<br \/>\nCouleur : noir<br \/>\nPoids : 168 g \/ 5,93 oz (environ)<\/p>\n<p><strong>Liste des paquets<\/strong><br \/>\n1 x sac pour moulin \u00e0 caf\u00e9 manuel<\/p>\n<p><img decoding=\"async\" style=\"max-width: 100%;\" src=\"http:\/\/yibaistore.yibainetwork.com\/end\/upload3\/image\/assistant_no_logo\/31182300446\/20230315135142-475923-31182300446-1.jpg\" \/><img decoding=\"async\" style=\"font-size: 14px; max-width: 100%;\" src=\"http:\/\/yibaistore.yibainetwork.com\/end\/upload3\/image\/assistant_no_logo\/31182300446\/20230315135142-141582-31182300446-4.jpg\" \/><img decoding=\"async\" style=\"font-size: 14px; max-width: 100%;\" src=\"http:\/\/yibaistore.yibainetwork.com\/end\/upload3\/image\/assistant_no_logo\/31182300446\/20230315135142-118388-31182300446-5.jpg\" \/><img decoding=\"async\" style=\"font-size: 14px; max-width: 100%;\" src=\"http:\/\/yibaistore.yibainetwork.com\/end\/upload3\/image\/assistant_no_logo\/31182300446\/20230315135142-824733-31182300446-7.jpg\" \/><img decoding=\"async\" style=\"font-size: 14px; max-width: 100%;\" src=\"http:\/\/yibaistore.yibainetwork.com\/end\/upload3\/image\/assistant_no_logo\/31182300446\/20230315135142-844609-31182300446-1.jpg\" \/><img decoding=\"async\" style=\"font-size: 14px; max-width: 100%;\" src=\"http:\/\/yibaistore.yibainetwork.com\/end\/upload3\/image\/assistant_no_logo\/31182300446\/20230315135142-927690-31182300446-3.jpg\" \/><img decoding=\"async\" style=\"font-size: 14px; max-width: 100%;\" src=\"http:\/\/yibaistore.yibainetwork.com\/end\/upload3\/image\/assistant_no_logo\/31182300446\/20230315135142-681283-31182300446-6.jpg\" \/><img decoding=\"async\" style=\"font-size: 14px; max-width: 100%;\" src=\"http:\/\/yibaistore.yibainetwork.com\/end\/upload3\/image\/assistant_no_logo\/31182300446\/20230315135142-863245-31182300446-5.jpg\" \/><img decoding=\"async\" style=\"font-size: 14px; max-width: 100%;\" src=\"http:\/\/yibaistore.yibainetwork.com\/end\/upload3\/image\/assistant_no_logo\/31182300446\/20230315135142-277065-31182300446-1.jpg\" \/><\/p>\n<div><\/div>\n<\/div>\n<\/div>\n<p>&nbsp;<\/p>\n<\/div>\n<\/div>","protected":false},"excerpt":{"rendered":"<p>Caract\u00e9ristiques 1.Meilleur stockage : ce sac peut stocker votre moulin \u00e0 caf\u00e9 manuel, ce qui peut emp\u00eacher la poign\u00e9e et le moulin de collision, de mani\u00e8re s\u00fbre et fiable. 2.Sac \u00e9tanche : l&rsquo;\u00e9tui de rangement \u00e9tanche pour moulin \u00e0 caf\u00e9 est \u00e9galement \u00e9tanche, prot\u00e9geant vos outils de l&rsquo;eau et assurant un travail normal. 3.A plus [&hellip;]<\/p>","protected":false},"featured_media":4718,"comment_status":"open","ping_status":"closed","template":"","meta":{"_acf_changed":false},"product_cat":[88],"product_tag":[],"class_list":{"0":"post-4710","1":"product","2":"type-product","3":"status-publish","4":"has-post-thumbnail","6":"product_cat-neopack","8":"first","9":"instock","10":"sale","11":"shipping-taxable","12":"purchasable","13":"product-type-simple"},"acf":[],"yoast_head":"<!-- This site is optimized with the Yoast SEO plugin v24.2 - https:\/\/yoast.com\/wordpress\/plugins\/seo\/ -->\n<title>NeoPack - NEOVA BREW<\/title>\n<meta name=\"robots\" content=\"noindex, follow, max-snippet:-1, max-image-preview:large, max-video-preview:-1\" \/>\n<meta property=\"og:locale\" content=\"en_US\" \/>\n<meta property=\"og:type\" content=\"article\" \/>\n<meta property=\"og:title\" content=\"NeoPack - NEOVA BREW\" \/>\n<meta property=\"og:description\" content=\"Caract\u00e9ristiques 1.Meilleur stockage : ce sac peut stocker votre moulin \u00e0 caf\u00e9 manuel, ce qui peut emp\u00eacher la poign\u00e9e et le moulin de collision, de mani\u00e8re s\u00fbre et fiable. 2.Sac \u00e9tanche : l&rsquo;\u00e9tui de rangement \u00e9tanche pour moulin \u00e0 caf\u00e9 est \u00e9galement \u00e9tanche, prot\u00e9geant vos outils de l&rsquo;eau et assurant un travail normal. 3.A plus [&hellip;]\" \/>\n<meta property=\"og:url\" content=\"https:\/\/neovabrew.com\/en\/product\/neopack\/\" \/>\n<meta property=\"og:site_name\" content=\"NEOVA BREW\" \/>\n<meta property=\"article:modified_time\" content=\"2025-12-17T15:47:26+00:00\" \/>\n<meta property=\"og:image\" content=\"http:\/\/neovabrew.com\/wp-content\/uploads\/2025\/04\/kf-S2d0adeaf0e8842f094bf4a73715284c5c.webp\" \/>\n\t<meta property=\"og:image:width\" content=\"1601\" \/>\n\t<meta property=\"og:image:height\" content=\"1601\" \/>\n\t<meta property=\"og:image:type\" content=\"image\/webp\" \/>\n<meta name=\"twitter:card\" content=\"summary_large_image\" \/>\n<meta name=\"twitter:label1\" content=\"Est. reading time\" \/>\n\t<meta name=\"twitter:data1\" content=\"3 minutes\" \/>\n<script type=\"application\/ld+json\" class=\"yoast-schema-graph\">{\"@context\":\"https:\/\/schema.org\",\"@graph\":[{\"@type\":\"WebPage\",\"@id\":\"https:\/\/neovabrew.com\/product\/neopack\/\",\"url\":\"https:\/\/neovabrew.com\/product\/neopack\/\",\"name\":\"NeoPack - NEOVA BREW\",\"isPartOf\":{\"@id\":\"https:\/\/neovabrew.com\/#website\"},\"primaryImageOfPage\":{\"@id\":\"https:\/\/neovabrew.com\/product\/neopack\/#primaryimage\"},\"image\":{\"@id\":\"https:\/\/neovabrew.com\/product\/neopack\/#primaryimage\"},\"thumbnailUrl\":\"https:\/\/neovabrew.com\/wp-content\/uploads\/2025\/04\/kf-S2d0adeaf0e8842f094bf4a73715284c5c.webp\",\"datePublished\":\"2025-04-03T18:32:48+00:00\",\"dateModified\":\"2025-12-17T15:47:26+00:00\",\"breadcrumb\":{\"@id\":\"https:\/\/neovabrew.com\/product\/neopack\/#breadcrumb\"},\"inLanguage\":\"en-US\",\"potentialAction\":[{\"@type\":\"ReadAction\",\"target\":[\"https:\/\/neovabrew.com\/product\/neopack\/\"]}]},{\"@type\":\"ImageObject\",\"inLanguage\":\"en-US\",\"@id\":\"https:\/\/neovabrew.com\/product\/neopack\/#primaryimage\",\"url\":\"https:\/\/neovabrew.com\/wp-content\/uploads\/2025\/04\/kf-S2d0adeaf0e8842f094bf4a73715284c5c.webp\",\"contentUrl\":\"https:\/\/neovabrew.com\/wp-content\/uploads\/2025\/04\/kf-S2d0adeaf0e8842f094bf4a73715284c5c.webp\",\"width\":1601,\"height\":1601},{\"@type\":\"BreadcrumbList\",\"@id\":\"https:\/\/neovabrew.com\/product\/neopack\/#breadcrumb\",\"itemListElement\":[{\"@type\":\"ListItem\",\"position\":1,\"name\":\"Accueil\",\"item\":\"https:\/\/neovabrew.com\/\"},{\"@type\":\"ListItem\",\"position\":2,\"name\":\"Produits\",\"item\":\"https:\/\/neovabrew.com\/shop\/\"},{\"@type\":\"ListItem\",\"position\":3,\"name\":\"NeoPack\"}]},{\"@type\":\"WebSite\",\"@id\":\"https:\/\/neovabrew.com\/#website\",\"url\":\"https:\/\/neovabrew.com\/\",\"name\":\"NEOVA BREW\",\"description\":\"L&#039;instant caf\u00e9 !\",\"potentialAction\":[{\"@type\":\"SearchAction\",\"target\":{\"@type\":\"EntryPoint\",\"urlTemplate\":\"https:\/\/neovabrew.com\/?s={search_term_string}\"},\"query-input\":{\"@type\":\"PropertyValueSpecification\",\"valueRequired\":true,\"valueName\":\"search_term_string\"}}],\"inLanguage\":\"en-US\"}]}<\/script>\n<!-- \/ Yoast SEO plugin. -->","yoast_head_json":{"title":"NeoPack - NEOVA BREW","robots":{"index":"noindex","follow":"follow","max-snippet":"max-snippet:-1","max-image-preview":"max-image-preview:large","max-video-preview":"max-video-preview:-1"},"og_locale":"en_US","og_type":"article","og_title":"NeoPack - NEOVA BREW","og_description":"Caract\u00e9ristiques 1.Meilleur stockage : ce sac peut stocker votre moulin \u00e0 caf\u00e9 manuel, ce qui peut emp\u00eacher la poign\u00e9e et le moulin de collision, de mani\u00e8re s\u00fbre et fiable. 2.Sac \u00e9tanche : l&rsquo;\u00e9tui de rangement \u00e9tanche pour moulin \u00e0 caf\u00e9 est \u00e9galement \u00e9tanche, prot\u00e9geant vos outils de l&rsquo;eau et assurant un travail normal. 3.A plus [&hellip;]","og_url":"https:\/\/neovabrew.com\/en\/product\/neopack\/","og_site_name":"NEOVA BREW","article_modified_time":"2025-12-17T15:47:26+00:00","og_image":[{"width":1601,"height":1601,"url":"http:\/\/neovabrew.com\/wp-content\/uploads\/2025\/04\/kf-S2d0adeaf0e8842f094bf4a73715284c5c.webp","type":"image\/webp"}],"twitter_card":"summary_large_image","twitter_misc":{"Est. reading time":"3 minutes"},"schema":{"@context":"https:\/\/schema.org","@graph":[{"@type":"WebPage","@id":"https:\/\/neovabrew.com\/product\/neopack\/","url":"https:\/\/neovabrew.com\/product\/neopack\/","name":"NeoPack - NEOVA BREW","isPartOf":{"@id":"https:\/\/neovabrew.com\/#website"},"primaryImageOfPage":{"@id":"https:\/\/neovabrew.com\/product\/neopack\/#primaryimage"},"image":{"@id":"https:\/\/neovabrew.com\/product\/neopack\/#primaryimage"},"thumbnailUrl":"https:\/\/neovabrew.com\/wp-content\/uploads\/2025\/04\/kf-S2d0adeaf0e8842f094bf4a73715284c5c.webp","datePublished":"2025-04-03T18:32:48+00:00","dateModified":"2025-12-17T15:47:26+00:00","breadcrumb":{"@id":"https:\/\/neovabrew.com\/product\/neopack\/#breadcrumb"},"inLanguage":"en-US","potentialAction":[{"@type":"ReadAction","target":["https:\/\/neovabrew.com\/product\/neopack\/"]}]},{"@type":"ImageObject","inLanguage":"en-US","@id":"https:\/\/neovabrew.com\/product\/neopack\/#primaryimage","url":"https:\/\/neovabrew.com\/wp-content\/uploads\/2025\/04\/kf-S2d0adeaf0e8842f094bf4a73715284c5c.webp","contentUrl":"https:\/\/neovabrew.com\/wp-content\/uploads\/2025\/04\/kf-S2d0adeaf0e8842f094bf4a73715284c5c.webp","width":1601,"height":1601},{"@type":"BreadcrumbList","@id":"https:\/\/neovabrew.com\/product\/neopack\/#breadcrumb","itemListElement":[{"@type":"ListItem","position":1,"name":"Accueil","item":"https:\/\/neovabrew.com\/"},{"@type":"ListItem","position":2,"name":"Produits","item":"https:\/\/neovabrew.com\/shop\/"},{"@type":"ListItem","position":3,"name":"NeoPack"}]},{"@type":"WebSite","@id":"https:\/\/neovabrew.com\/#website","url":"https:\/\/neovabrew.com\/","name":"NEOVA BREW","description":"L&#039;instant caf\u00e9 !","potentialAction":[{"@type":"SearchAction","target":{"@type":"EntryPoint","urlTemplate":"https:\/\/neovabrew.com\/?s={search_term_string}"},"query-input":{"@type":"PropertyValueSpecification","valueRequired":true,"valueName":"search_term_string"}}],"inLanguage":"en-US"}]}},"_links":{"self":[{"href":"https:\/\/neovabrew.com\/en\/wp-json\/wp\/v2\/product\/4710","targetHints":{"allow":["GET"]}}],"collection":[{"href":"https:\/\/neovabrew.com\/en\/wp-json\/wp\/v2\/product"}],"about":[{"href":"https:\/\/neovabrew.com\/en\/wp-json\/wp\/v2\/types\/product"}],"replies":[{"embeddable":true,"href":"https:\/\/neovabrew.com\/en\/wp-json\/wp\/v2\/comments?post=4710"}],"version-history":[{"count":2,"href":"https:\/\/neovabrew.com\/en\/wp-json\/wp\/v2\/product\/4710\/revisions"}],"predecessor-version":[{"id":4768,"href":"https:\/\/neovabrew.com\/en\/wp-json\/wp\/v2\/product\/4710\/revisions\/4768"}],"wp:featuredmedia":[{"embeddable":true,"href":"https:\/\/neovabrew.com\/en\/wp-json\/wp\/v2\/media\/4718"}],"wp:attachment":[{"href":"https:\/\/neovabrew.com\/en\/wp-json\/wp\/v2\/media?parent=4710"}],"wp:term":[{"taxonomy":"product_cat","embeddable":true,"href":"https:\/\/neovabrew.com\/en\/wp-json\/wp\/v2\/product_cat?post=4710"},{"taxonomy":"product_tag","embeddable":true,"href":"https:\/\/neovabrew.com\/en\/wp-json\/wp\/v2\/product_tag?post=4710"}],"curies":[{"name":"wp","href":"https:\/\/api.w.org\/{rel}","templated":true}]}}