{"id":4720,"date":"2025-04-03T18:35:00","date_gmt":"2025-04-03T18:35:00","guid":{"rendered":"https:\/\/neovabrew.com\/product\/machine-a-cafe-expresso-electrique-portable-sans-fil-pour-voiture-et-maison-camping-3-en-1-capsules-de-poudre-cafetiere-de-voyage\/"},"modified":"2025-12-09T09:36:34","modified_gmt":"2025-12-09T09:36:34","slug":"neopress","status":"publish","type":"product","link":"https:\/\/neovabrew.com\/en\/product\/neopress\/","title":{"rendered":"NeoPress"},"content":{"rendered":"<div class=\"detailmodule_html\">\n<div class=\"detail-desc-decorate-richtext\">\n<p><span id=\"tl_2\" style=\"font-size: 20px;\">Nouveau adaptateur de poudre de caf\u00e9 8 g am\u00e9lior\u00e9, grande capacit\u00e9 pour plus de caf\u00e9 moulu. Pr\u00e9parez votre propre saveur de caf\u00e9.<\/span><\/p>\n<\/div>\n<\/div>","protected":false},"excerpt":{"rendered":"<p>Nouveau adaptateur de poudre de caf\u00e9 8 g am\u00e9lior\u00e9, grande capacit\u00e9 pour plus de caf\u00e9 moulu. Pr\u00e9parez votre propre saveur de caf\u00e9.<\/p>","protected":false},"featured_media":2027,"comment_status":"open","ping_status":"closed","template":"","meta":{"_acf_changed":false},"product_cat":[87],"product_tag":[],"class_list":{"0":"post-4720","1":"product","2":"type-product","3":"status-publish","4":"has-post-thumbnail","6":"product_cat-neopress","8":"first","9":"instock","10":"shipping-taxable","11":"purchasable","12":"product-type-simple"},"acf":[],"yoast_head":"<!-- This site is optimized with the Yoast SEO plugin v24.2 - https:\/\/yoast.com\/wordpress\/plugins\/seo\/ -->\n<title>NeoPress - NEOVA BREW<\/title>\n<meta name=\"robots\" content=\"noindex, follow, max-snippet:-1, max-image-preview:large, max-video-preview:-1\" \/>\n<meta property=\"og:locale\" content=\"en_US\" \/>\n<meta property=\"og:type\" content=\"article\" \/>\n<meta property=\"og:title\" content=\"NeoPress - NEOVA BREW\" \/>\n<meta property=\"og:description\" content=\"Nouveau adaptateur de poudre de caf\u00e9 8 g am\u00e9lior\u00e9, grande capacit\u00e9 pour plus de caf\u00e9 moulu. Pr\u00e9parez votre propre saveur de caf\u00e9.\" \/>\n<meta property=\"og:url\" content=\"https:\/\/neovabrew.com\/en\/product\/neopress\/\" \/>\n<meta property=\"og:site_name\" content=\"NEOVA BREW\" \/>\n<meta property=\"article:modified_time\" content=\"2025-12-09T09:36:34+00:00\" \/>\n<meta property=\"og:image\" content=\"http:\/\/neovabrew.com\/wp-content\/uploads\/2025\/01\/Capture-decran-2025-02-09-a-14.53.56.png\" \/>\n\t<meta property=\"og:image:width\" content=\"780\" \/>\n\t<meta property=\"og:image:height\" content=\"832\" \/>\n\t<meta property=\"og:image:type\" content=\"image\/png\" \/>\n<meta name=\"twitter:card\" content=\"summary_large_image\" \/>\n<meta name=\"twitter:label1\" content=\"Est. reading time\" \/>\n\t<meta name=\"twitter:data1\" content=\"1 minute\" \/>\n<script type=\"application\/ld+json\" class=\"yoast-schema-graph\">{\"@context\":\"https:\/\/schema.org\",\"@graph\":[{\"@type\":\"WebPage\",\"@id\":\"https:\/\/neovabrew.com\/product\/neopress\/\",\"url\":\"https:\/\/neovabrew.com\/product\/neopress\/\",\"name\":\"NeoPress - NEOVA BREW\",\"isPartOf\":{\"@id\":\"https:\/\/neovabrew.com\/#website\"},\"primaryImageOfPage\":{\"@id\":\"https:\/\/neovabrew.com\/product\/neopress\/#primaryimage\"},\"image\":{\"@id\":\"https:\/\/neovabrew.com\/product\/neopress\/#primaryimage\"},\"thumbnailUrl\":\"https:\/\/neovabrew.com\/wp-content\/uploads\/2025\/01\/Capture-decran-2025-02-09-a-14.53.56.png\",\"datePublished\":\"2025-04-03T18:35:00+00:00\",\"dateModified\":\"2025-12-09T09:36:34+00:00\",\"breadcrumb\":{\"@id\":\"https:\/\/neovabrew.com\/product\/neopress\/#breadcrumb\"},\"inLanguage\":\"en-US\",\"potentialAction\":[{\"@type\":\"ReadAction\",\"target\":[\"https:\/\/neovabrew.com\/product\/neopress\/\"]}]},{\"@type\":\"ImageObject\",\"inLanguage\":\"en-US\",\"@id\":\"https:\/\/neovabrew.com\/product\/neopress\/#primaryimage\",\"url\":\"https:\/\/neovabrew.com\/wp-content\/uploads\/2025\/01\/Capture-decran-2025-02-09-a-14.53.56.png\",\"contentUrl\":\"https:\/\/neovabrew.com\/wp-content\/uploads\/2025\/01\/Capture-decran-2025-02-09-a-14.53.56.png\",\"width\":780,\"height\":832},{\"@type\":\"BreadcrumbList\",\"@id\":\"https:\/\/neovabrew.com\/product\/neopress\/#breadcrumb\",\"itemListElement\":[{\"@type\":\"ListItem\",\"position\":1,\"name\":\"Accueil\",\"item\":\"https:\/\/neovabrew.com\/\"},{\"@type\":\"ListItem\",\"position\":2,\"name\":\"Produits\",\"item\":\"https:\/\/neovabrew.com\/shop\/\"},{\"@type\":\"ListItem\",\"position\":3,\"name\":\"NeoPress\"}]},{\"@type\":\"WebSite\",\"@id\":\"https:\/\/neovabrew.com\/#website\",\"url\":\"https:\/\/neovabrew.com\/\",\"name\":\"NEOVA BREW\",\"description\":\"L&#039;instant caf\u00e9 !\",\"potentialAction\":[{\"@type\":\"SearchAction\",\"target\":{\"@type\":\"EntryPoint\",\"urlTemplate\":\"https:\/\/neovabrew.com\/?s={search_term_string}\"},\"query-input\":{\"@type\":\"PropertyValueSpecification\",\"valueRequired\":true,\"valueName\":\"search_term_string\"}}],\"inLanguage\":\"en-US\"}]}<\/script>\n<!-- \/ Yoast SEO plugin. -->","yoast_head_json":{"title":"NeoPress - NEOVA BREW","robots":{"index":"noindex","follow":"follow","max-snippet":"max-snippet:-1","max-image-preview":"max-image-preview:large","max-video-preview":"max-video-preview:-1"},"og_locale":"en_US","og_type":"article","og_title":"NeoPress - NEOVA BREW","og_description":"Nouveau adaptateur de poudre de caf\u00e9 8 g am\u00e9lior\u00e9, grande capacit\u00e9 pour plus de caf\u00e9 moulu. Pr\u00e9parez votre propre saveur de caf\u00e9.","og_url":"https:\/\/neovabrew.com\/en\/product\/neopress\/","og_site_name":"NEOVA BREW","article_modified_time":"2025-12-09T09:36:34+00:00","og_image":[{"width":780,"height":832,"url":"http:\/\/neovabrew.com\/wp-content\/uploads\/2025\/01\/Capture-decran-2025-02-09-a-14.53.56.png","type":"image\/png"}],"twitter_card":"summary_large_image","twitter_misc":{"Est. reading time":"1 minute"},"schema":{"@context":"https:\/\/schema.org","@graph":[{"@type":"WebPage","@id":"https:\/\/neovabrew.com\/product\/neopress\/","url":"https:\/\/neovabrew.com\/product\/neopress\/","name":"NeoPress - NEOVA BREW","isPartOf":{"@id":"https:\/\/neovabrew.com\/#website"},"primaryImageOfPage":{"@id":"https:\/\/neovabrew.com\/product\/neopress\/#primaryimage"},"image":{"@id":"https:\/\/neovabrew.com\/product\/neopress\/#primaryimage"},"thumbnailUrl":"https:\/\/neovabrew.com\/wp-content\/uploads\/2025\/01\/Capture-decran-2025-02-09-a-14.53.56.png","datePublished":"2025-04-03T18:35:00+00:00","dateModified":"2025-12-09T09:36:34+00:00","breadcrumb":{"@id":"https:\/\/neovabrew.com\/product\/neopress\/#breadcrumb"},"inLanguage":"en-US","potentialAction":[{"@type":"ReadAction","target":["https:\/\/neovabrew.com\/product\/neopress\/"]}]},{"@type":"ImageObject","inLanguage":"en-US","@id":"https:\/\/neovabrew.com\/product\/neopress\/#primaryimage","url":"https:\/\/neovabrew.com\/wp-content\/uploads\/2025\/01\/Capture-decran-2025-02-09-a-14.53.56.png","contentUrl":"https:\/\/neovabrew.com\/wp-content\/uploads\/2025\/01\/Capture-decran-2025-02-09-a-14.53.56.png","width":780,"height":832},{"@type":"BreadcrumbList","@id":"https:\/\/neovabrew.com\/product\/neopress\/#breadcrumb","itemListElement":[{"@type":"ListItem","position":1,"name":"Accueil","item":"https:\/\/neovabrew.com\/"},{"@type":"ListItem","position":2,"name":"Produits","item":"https:\/\/neovabrew.com\/shop\/"},{"@type":"ListItem","position":3,"name":"NeoPress"}]},{"@type":"WebSite","@id":"https:\/\/neovabrew.com\/#website","url":"https:\/\/neovabrew.com\/","name":"NEOVA BREW","description":"L&#039;instant caf\u00e9 !","potentialAction":[{"@type":"SearchAction","target":{"@type":"EntryPoint","urlTemplate":"https:\/\/neovabrew.com\/?s={search_term_string}"},"query-input":{"@type":"PropertyValueSpecification","valueRequired":true,"valueName":"search_term_string"}}],"inLanguage":"en-US"}]}},"_links":{"self":[{"href":"https:\/\/neovabrew.com\/en\/wp-json\/wp\/v2\/product\/4720","targetHints":{"allow":["GET"]}}],"collection":[{"href":"https:\/\/neovabrew.com\/en\/wp-json\/wp\/v2\/product"}],"about":[{"href":"https:\/\/neovabrew.com\/en\/wp-json\/wp\/v2\/types\/product"}],"replies":[{"embeddable":true,"href":"https:\/\/neovabrew.com\/en\/wp-json\/wp\/v2\/comments?post=4720"}],"version-history":[{"count":7,"href":"https:\/\/neovabrew.com\/en\/wp-json\/wp\/v2\/product\/4720\/revisions"}],"predecessor-version":[{"id":5260,"href":"https:\/\/neovabrew.com\/en\/wp-json\/wp\/v2\/product\/4720\/revisions\/5260"}],"wp:featuredmedia":[{"embeddable":true,"href":"https:\/\/neovabrew.com\/en\/wp-json\/wp\/v2\/media\/2027"}],"wp:attachment":[{"href":"https:\/\/neovabrew.com\/en\/wp-json\/wp\/v2\/media?parent=4720"}],"wp:term":[{"taxonomy":"product_cat","embeddable":true,"href":"https:\/\/neovabrew.com\/en\/wp-json\/wp\/v2\/product_cat?post=4720"},{"taxonomy":"product_tag","embeddable":true,"href":"https:\/\/neovabrew.com\/en\/wp-json\/wp\/v2\/product_tag?post=4720"}],"curies":[{"name":"wp","href":"https:\/\/api.w.org\/{rel}","templated":true}]}}